{"id":403,"date":"2021-11-19T13:28:52","date_gmt":"2021-11-19T12:28:52","guid":{"rendered":"http:\/\/osteo-lovens.com\/?page_id=403"},"modified":"2022-01-16T19:42:33","modified_gmt":"2022-01-16T18:42:33","slug":"impressum-de","status":"publish","type":"page","link":"https:\/\/osteo-lovens.com\/en\/impressum-de\/","title":{"rendered":"Impressum-de"},"content":{"rendered":"<div id=\"pl-403\"  class=\"panel-layout\" ><div id=\"pg-403-0\"  class=\"panel-grid panel-has-style\" ><div class=\"panel-row-style panel-row-style-for-403-0\" ><div id=\"pgc-403-0-0\"  class=\"panel-grid-cell panel-grid-cell-empty\" ><\/div><div id=\"pgc-403-0-1\"  class=\"panel-grid-cell panel-grid-cell-mobile-last\" ><div id=\"panel-403-0-1-0\" class=\"so-panel widget widget_sow-editor panel-first-child panel-last-child\" data-index=\"0\" ><div\n\t\t\t\n\t\t\tclass=\"so-widget-sow-editor so-widget-sow-editor-base\"\n\t\t\t\n\t\t>\n<div class=\"siteorigin-widget-tinymce textwidget\">\n\t<h2 style=\"text-align: center;\"><strong>Imprint<\/strong><\/h2>\n<\/div>\n<\/div><\/div><\/div><div id=\"pgc-403-0-2\"  class=\"panel-grid-cell panel-grid-cell-empty\" ><\/div><\/div><\/div><div id=\"pg-403-1\"  class=\"panel-grid panel-has-style\" ><div class=\"panel-row-style panel-row-style-for-403-1\" ><div id=\"pgc-403-1-0\"  class=\"panel-grid-cell panel-grid-cell-empty\" ><\/div><div id=\"pgc-403-1-1\"  class=\"panel-grid-cell panel-grid-cell-mobile-last\" ><div id=\"panel-403-1-1-0\" class=\"so-panel widget widget_sow-editor panel-first-child panel-last-child\" data-index=\"1\" ><div\n\t\t\t\n\t\t\tclass=\"so-widget-sow-editor so-widget-sow-editor-base\"\n\t\t\t\n\t\t>\n<div class=\"siteorigin-widget-tinymce textwidget\">\n\t<h6 style=\"text-align: center;\"><strong>Angaben gem\u00e4\u00df \u00a7 5 TMG Abs. 1:<\/strong><\/h6>\n<h6 style=\"text-align: center;\">Harriet Johanna Lovens<br \/>\nSelchowerstr. 4, 12049 Berlin<br \/>\nContact<br \/>\nTelefon: +49 17632944618<br \/>\nE-Mail: hlovens@protonmail.com<\/h6>\n<h6 style=\"text-align: center;\"><strong>Verantwortlich f\u00fcr den Inhalt (gem. \u00a7 55 Abs. 2 RStV):<\/strong><\/h6>\n<h6 style=\"text-align: center;\">Harriet Johanna Lovens<\/h6>\n<h6 style=\"text-align: center;\"><strong>Aufsichtsbeh\u00f6rde:<\/strong><br \/>\nLandesamt f\u00fcr Gesundheit und Soziales (LAGeSo)<br \/>\nTurmstr. 21, 10559 Berlin<\/h6>\n<h6 style=\"text-align: center;\"><strong>Berufskammer:<\/strong><br \/>\nVFO \u2013 Verband Freier Osteopathen e.V:<\/h6>\n<h6 style=\"text-align: center;\"><strong>Berufsbezeichung:<\/strong><br \/>\nHeilpraktiker (verliehen in Berlin)<\/h6>\n<h6 style=\"text-align: center;\"><strong>Berufsrechtliche Regelung:<\/strong><br \/>\nBerufsordnung f\u00fcr Heilpraktiker (BOH), Gesetz \u00fcber die berufsm\u00e4\u00dfige Aus\u00fcbung der Heilkunde ohne Bestallung vom 17.02.1939 (HPG)<\/h6>\n<h6 style=\"text-align: center;\"><strong>Angaben zu Berufshaftpflichtversicherung:<\/strong><br \/>\nVersicherungstr\u00e4ger: Continentale<br \/>\nRuhrallee 92<br \/>\n44139 Dortmund<\/h6>\n<h6 style=\"text-align: center;\"><strong>Geltungsraum:<\/strong> Deutschland<\/h6>\n<h6 style=\"text-align: center;\"><strong>Verbraucherstreitbeilegung\/ Universalschlichtungsstelle<\/strong><\/h6>\n<h6 style=\"text-align: center;\">Wir sind nicht bereit oder verpflichtet, an Streitbeilegungsverfahren vor einer<br \/>\nVerbraucherschlichtungsstelle teilzunehmen.<\/h6>\n<h6 style=\"text-align: center;\"><strong>Quelle:<\/strong><br \/>\ne-recht24.de<\/h6>\n<\/div>\n<\/div><\/div><\/div><div id=\"pgc-403-1-2\"  class=\"panel-grid-cell panel-grid-cell-empty\" ><\/div><\/div><\/div><\/div>","protected":false},"excerpt":{"rendered":"<p>Impressum Angaben gem\u00e4\u00df \u00a7 5 TMG Abs. 1: Harriet Johanna Lovens Selchowerstr. 4, 12049 Berlin Kontakt Telefon: +49 17632944618 E-Mail: hlovens@protonmail.com Verantwortlich f\u00fcr den Inhalt (gem. \u00a7 55 Abs. 2 RStV): Harriet Johanna Lovens Aufsichtsbeh\u00f6rde: Landesamt f\u00fcr Gesundheit und Soziales (LAGeSo) Turmstr. 21, 10559 Berlin Berufskammer: VFO \u2013 Verband Freier Osteopathen e.V: Berufsbezeichung: Heilpraktiker (verliehen&hellip;&nbsp;<a href=\"https:\/\/osteo-lovens.com\/en\/impressum-de\/\" rel=\"bookmark\">Read More &raquo;<span class=\"screen-reader-text\">Impressum-de<\/span><\/a><\/p>","protected":false},"author":1,"featured_media":0,"parent":0,"menu_order":0,"comment_status":"closed","ping_status":"closed","template":"","meta":{"om_disable_all_campaigns":false,"_monsterinsights_skip_tracking":false,"_monsterinsights_sitenote_active":false,"_monsterinsights_sitenote_note":"","_monsterinsights_sitenote_category":0,"neve_meta_sidebar":"","neve_meta_container":"","neve_meta_enable_content_width":"off","neve_meta_content_width":100,"neve_meta_title_alignment":"","neve_meta_author_avatar":"","neve_post_elements_order":"","neve_meta_disable_header":"","neve_meta_disable_footer":"","neve_meta_disable_title":"on","footnotes":""},"class_list":["post-403","page","type-page","status-publish","hentry"],"aioseo_notices":[],"_links":{"self":[{"href":"https:\/\/osteo-lovens.com\/en\/wp-json\/wp\/v2\/pages\/403","targetHints":{"allow":["GET"]}}],"collection":[{"href":"https:\/\/osteo-lovens.com\/en\/wp-json\/wp\/v2\/pages"}],"about":[{"href":"https:\/\/osteo-lovens.com\/en\/wp-json\/wp\/v2\/types\/page"}],"author":[{"embeddable":true,"href":"https:\/\/osteo-lovens.com\/en\/wp-json\/wp\/v2\/users\/1"}],"replies":[{"embeddable":true,"href":"https:\/\/osteo-lovens.com\/en\/wp-json\/wp\/v2\/comments?post=403"}],"version-history":[{"count":16,"href":"https:\/\/osteo-lovens.com\/en\/wp-json\/wp\/v2\/pages\/403\/revisions"}],"predecessor-version":[{"id":829,"href":"https:\/\/osteo-lovens.com\/en\/wp-json\/wp\/v2\/pages\/403\/revisions\/829"}],"wp:attachment":[{"href":"https:\/\/osteo-lovens.com\/en\/wp-json\/wp\/v2\/media?parent=403"}],"curies":[{"name":"wp","href":"https:\/\/api.w.org\/{rel}","templated":true}]}}